{"id":39,"date":"2021-08-24T03:09:42","date_gmt":"2021-08-24T03:09:42","guid":{"rendered":"https:\/\/keepcount.com.co\/?page_id=39"},"modified":"2021-09-14T01:39:43","modified_gmt":"2021-09-14T01:39:43","slug":"nosotros","status":"publish","type":"page","link":"https:\/\/keepcount.com.co\/index.php\/nosotros\/","title":{"rendered":"Nosotros"},"content":{"rendered":"\n\n  <div class=\"banner has-hover\" id=\"banner-1224087509\">\n          <div class=\"banner-inner fill\">\n        <div class=\"banner-bg fill\" >\n            <div class=\"bg fill bg-fill \"><\/div>\n                                    \n                    <\/div><!-- bg-layers -->\n        <div class=\"banner-layers container\">\n            <div class=\"fill banner-link\"><\/div>            \n\n   <div id=\"text-box-1003492690\" class=\"text-box banner-layer x10 md-x95 lg-x95 y5 md-y5 lg-y5 res-text\">\n                     <div data-animate=\"fadeInRight\">           <div class=\"text dark\">\n              \n              <div class=\"text-inner text-center\">\n                  \n\n\t<div class=\"img has-hover x md-x lg-x y md-y lg-y\" id=\"image_1384817677\">\n\t\t\t\t\t\t\t\t<div class=\"img-inner dark\" >\n\t\t\t<img width=\"1\" height=\"1\" src=\"https:\/\/keepcount.com.co\/wp-content\/uploads\/2021\/09\/combinacion-flechas.svg\" class=\"attachment-large size-large\" alt=\"\" loading=\"lazy\" \/>\t\t\t\t\t\t\n\t\t\t\t\t<\/div>\n\t\t\t\t\t\t\t\t\n<style scope=\"scope\">\n\n#image_1384817677 {\n  width: 67%;\n}\n<\/style>\n\t<\/div>\n\t\n\n\n              <\/div>\n           <\/div><!-- text-box-inner -->\n       <\/div>                     \n<style scope=\"scope\">\n\n#text-box-1003492690 {\n  width: 29%;\n}\n#text-box-1003492690 .text {\n  font-size: 100%;\n  transform: rotate(1deg);\n}\n\n\n@media (min-width:550px) {\n\n  #text-box-1003492690 {\n    width: 15%;\n  }\n\n}\n<\/style>\n    <\/div><!-- text-box -->\n \n   <div id=\"text-box-1270645044\" class=\"text-box banner-layer x95 md-x5 lg-x5 y50 md-y50 lg-y50 res-text\">\n                     <div data-animate=\"fadeInLeft\">           <div class=\"text dark\">\n              \n              <div class=\"text-inner text-left\">\n                  \n\n<h3 style=\"text-align: left;\"><strong><span style=\"font-size: 115%;\"><span style=\"color: #131c2b;\">Comprometidos con <br \/>el desarrollo econ\u00f3mico<\/span><span style=\"font-size: 120%;\"><br \/>de su empresa!<\/span><\/span><\/strong><\/h3>\n<p style=\"text-align: left;\">La contabilidad como debe ser, te acompa\u00f1amos <br \/>uno delos procesos m\u00e1s importantes de tu vida, tu empresa.\u00a0<\/p>\n<a href=\"https:\/\/keepcount.com.co\/index.php\/servicios\/\" target=\"_self\" class=\"button primary box-shadow-4-hover lowercase\"  style=\"border-radius:99px;\">\n    <span>Nuestros servicios<\/span>\n  <\/a>\n\n\n<div class=\"gap-element clearfix\" style=\"display:block; height:auto; padding-top:23px\"><\/div>\n\n\n              <\/div>\n           <\/div><!-- text-box-inner -->\n       <\/div>                     \n<style scope=\"scope\">\n\n#text-box-1270645044 {\n  width: 84%;\n}\n#text-box-1270645044 .text {\n  font-size: 111%;\n}\n\n\n@media (min-width:550px) {\n\n  #text-box-1270645044 {\n    width: 57%;\n  }\n  #text-box-1270645044 .text {\n    font-size: 100%;\n  }\n\n}\n<\/style>\n    <\/div><!-- text-box -->\n \n\t<div class=\"img has-hover x95 md-x100 lg-x95 y90 md-y95 lg-y0\" id=\"image_1909928467\">\n\t\t\t\t\t\t\t\t<div class=\"img-inner dark\" style=\"margin:33px 0 -48px 100px;\">\n\t\t\t<img width=\"628\" height=\"731\" src=\"https:\/\/keepcount.com.co\/wp-content\/uploads\/2021\/09\/calculadora-keep-count.png\" class=\"attachment-large size-large\" alt=\"Contabilidad\" loading=\"lazy\" srcset=\"https:\/\/keepcount.com.co\/wp-content\/uploads\/2021\/09\/calculadora-keep-count.png 628w, https:\/\/keepcount.com.co\/wp-content\/uploads\/2021\/09\/calculadora-keep-count-258x300.png 258w\" sizes=\"(max-width: 628px) 100vw, 628px\" \/>\t\t\t\t\t\t\n\t\t\t\t\t<\/div>\n\t\t\t\t\t\t\t\t\n<style scope=\"scope\">\n\n#image_1909928467 {\n  width: 70%;\n}\n\n\n@media (min-width:550px) {\n\n  #image_1909928467 {\n    width: 57%;\n  }\n\n}\n<\/style>\n\t<\/div>\n\t\n\n\n        <\/div><!-- .banner-layers -->\n      <\/div><!-- .banner-inner -->\n\n            \n<style scope=\"scope\">\n\n#banner-1224087509 {\n  padding-top: 488px;\n  background-color: rgb(31, 229, 196);\n}\n<\/style>\n  <\/div><!-- .banner -->\n\n\n\t<section class=\"section\" id=\"section_1981843061\">\n\t\t<div class=\"bg section-bg fill bg-fill  bg-loaded\" >\n\n\t\t\t\n\t\t\t\n\t\t\t\n\n\t\t<\/div><!-- .section-bg -->\n\n\t\t<div class=\"section-content relative\">\n\t\t\t\n\n<div class=\"row row-collapse align-equal align-center\" style=\"max-width:959px\" id=\"row-1549496318\">\n\n<div class=\"col hide-for-small medium-1 small-4 large-1\"  ><div class=\"col-inner text-center\" style=\"padding:0px 0px 0px 0px;\" >\n\n\t<div class=\"img has-hover x md-x lg-x y md-y lg-y\" id=\"image_1276724622\">\n\t\t\t\t\t\t\t\t<div class=\"img-inner dark\" >\n\t\t\t<img width=\"68\" height=\"281\" src=\"https:\/\/keepcount.com.co\/wp-content\/uploads\/2021\/09\/flechas-1.png\" class=\"attachment-large size-large\" alt=\"\" loading=\"lazy\" \/>\t\t\t\t\t\t\n\t\t\t\t\t<\/div>\n\t\t\t\t\t\t\t\t\n<style scope=\"scope\">\n\n#image_1276724622 {\n  width: 23%;\n}\n\n\n@media (min-width:550px) {\n\n  #image_1276724622 {\n    width: 41%;\n  }\n\n}\n<\/style>\n\t<\/div>\n\t\n\n\n<\/div><\/div>\n<div class=\"col medium-4 small-10 large-4\"  data-animate=\"fadeInLeft\"><div class=\"col-inner text-left\" style=\"margin:0px 0px -57px 0px;\" >\n\n<h2><span style=\"font-size: 200%;\"><strong><span style=\"color: #131c2b;\"><span style=\"color: #131c2b;\">\u00bfQui\u00e9nes<\/span><br \/><span style=\"color: #1fe5c4;\">\u00a0 \u00a0Somos?<\/span><\/span><\/strong><\/span><\/h2>\n\n<\/div><\/div>\n<div class=\"col medium-7 small-10 large-7\"  data-animate=\"fadeInRight\"><div class=\"col-inner\"  >\n\n<p>Somos una empresa colombiana joven, emprendedora y comprometida con el desarrollo econ\u00f3mico del pa\u00eds, promovemos y apoyamos la implementaci\u00f3n de mejores pr\u00e1cticas de negocio en nuestros clientes, ofreciendo <span style=\"color: #1fe5c4;\">transparencia y profesionalismo en cada uno de nuestros servicios.<\/span><\/p>\n<p>Nosotros somos una empresa innovadora en consultor\u00eda y tenedur\u00eda de las actividades anexas a la contabilidad, revisor\u00eda fiscal y auditor\u00eda. Cuenta con personal con alta exigencia de experiencia y responsabilidad, y se acomoda a su negocio, analizamos su empresa, le ayudamos a conocer cu\u00e1l es su situaci\u00f3n financiera y su capacidad para generar beneficios. Una vez conozca la situaci\u00f3n en que se encuentra la empresa se pueden tomar las medidas correctivas que permitan mejorar los recursos, planificar, procesos y tomar las mejores decisiones.<\/p>\n\n<\/div><\/div>\n\n\n<style scope=\"scope\">\n\n#row-1549496318 > .col > .col-inner {\n  padding: 62px 0px 30px 0px;\n}\n<\/style>\n<\/div>\n\n\t\t<\/div><!-- .section-content -->\n\n\t\t\n<style scope=\"scope\">\n\n#section_1981843061 {\n  padding-top: 42px;\n  padding-bottom: 42px;\n  min-height: 205px;\n}\n\n\n@media (min-width:550px) {\n\n  #section_1981843061 {\n    padding-top: 130px;\n    padding-bottom: 130px;\n  }\n\n}\n<\/style>\n\t<\/section>\n\t\n\n  <div class=\"banner has-hover has-parallax\" id=\"banner-616365146\">\n          <div class=\"banner-inner fill\">\n        <div class=\"banner-bg fill\" data-parallax=\"-1\" data-parallax-container=\".banner\" data-parallax-background>\n            <div class=\"bg fill bg-fill \"><\/div>\n                        <div class=\"overlay\"><\/div>            \n                    <\/div><!-- bg-layers -->\n        <div class=\"banner-layers container\">\n            <div class=\"fill banner-link\"><\/div>            \n\n   <div id=\"text-box-1577531112\" class=\"text-box banner-layer x10 md-x5 lg-x5 y20 md-y50 lg-y50 res-text\">\n                                <div class=\"text dark\">\n              \n              <div class=\"text-inner text-center\">\n                  \n\n<h3 style=\"text-align: left;\">Gente joven buscando nuevas oportunidades para servir a nuestros <span style=\"color: #1fe5c4;\">clientes.<\/span><\/h3>\n<p style=\"text-align: left;\">La contabilidad y las finanzas son herramientas imprescindibles para gestionar correctamente la empresa y evitar errores que pueden salir costosos.<\/p>\n\n              <\/div>\n           <\/div><!-- text-box-inner -->\n                            \n<style scope=\"scope\">\n\n#text-box-1577531112 {\n  width: 84%;\n}\n#text-box-1577531112 .text {\n  font-size: 100%;\n}\n\n\n@media (min-width:550px) {\n\n  #text-box-1577531112 {\n    width: 64%;\n  }\n\n}\n<\/style>\n    <\/div><!-- text-box -->\n \n   <div id=\"text-box-1019034594\" class=\"text-box banner-layer x100 md-x100 lg-x100 y100 md-y100 lg-y100 res-text\">\n                     <div data-animate=\"bounceInUp\">           <div class=\"text dark\">\n              \n              <div class=\"text-inner text-center\">\n                  \n\n<h3><span style=\"font-size: 75%;\">Contabilidad del siglo XXI<\/span><\/h3>\n\n              <\/div>\n           <\/div><!-- text-box-inner -->\n       <\/div>                     \n<style scope=\"scope\">\n\n#text-box-1019034594 .text {\n  background-color: rgb(31, 229, 196);\n  font-size: 79%;\n}\n#text-box-1019034594 .text-inner {\n  padding: 20px 0px 20px 0px;\n}\n#text-box-1019034594 {\n  width: 54%;\n}\n\n\n@media (min-width:550px) {\n\n  #text-box-1019034594 .text {\n    font-size: 110%;\n  }\n\n}\n<\/style>\n    <\/div><!-- text-box -->\n \n\n        <\/div><!-- .banner-layers -->\n      <\/div><!-- .banner-inner -->\n\n            \n<style scope=\"scope\">\n\n#banner-616365146 {\n  padding-top: 321px;\n  background-color: rgb(18, 18, 18);\n}\n#banner-616365146 .bg.bg-loaded {\n  background-image: url(https:\/\/keepcount.com.co\/wp-content\/uploads\/2021\/09\/banner-keepcount-contabilidad-1024x401.png);\n}\n#banner-616365146 .overlay {\n  background-color: rgba(0, 0, 0, 0.36);\n}\n\n\n@media (min-width:550px) {\n\n  #banner-616365146 {\n    padding-top: 399px;\n  }\n\n}\n<\/style>\n  <\/div><!-- .banner -->\n\n\n\t<section class=\"section\" id=\"section_511190589\">\n\t\t<div class=\"bg section-bg fill bg-fill  bg-loaded\" >\n\n\t\t\t\n\t\t\t\n\t\t\t\n\n\t\t<\/div><!-- .section-bg -->\n\n\t\t<div class=\"section-content relative\">\n\t\t\t\n\n<div class=\"gap-element clearfix\" style=\"display:block; height:auto; padding-top:30px\"><\/div>\n\n<div class=\"row align-center\"  id=\"row-1720770775\">\n\n<div class=\"col medium-5 small-12 large-5\"  data-animate=\"bounceInDown\"><div class=\"col-inner text-center\" style=\"padding:14px 0px 43px 0px;\" >\n\n<div class=\"gap-element clearfix\" style=\"display:block; height:auto; padding-top:10px\"><\/div>\n\n<h3><span style=\"font-size: 150%;\"><span style=\"color: #131c2b;\">Nuestro<\/span> <span style=\"color: #1fe5c4;\">equipo<\/span><\/span><\/h3>\n\n<\/div><\/div>\n\n\n<style scope=\"scope\">\n\n<\/style>\n<\/div>\n<div class=\"row row-small align-center\"  id=\"row-1266537977\">\n\n<div class=\"col medium-3 small-6 large-3\"  ><div class=\"col-inner\"  >\n\n    <div class=\"box has-hover has-hover box-shadow-4-hover box-text-bottom\" >\n\n                  <div class=\"box-image \" style=\"width:80%;\">\n           <div class=\"box-image-inner image-cover\" style=\"padding-top:100%;\">\n              <img width=\"444\" height=\"365\" src=\"https:\/\/keepcount.com.co\/wp-content\/uploads\/2021\/09\/Daniel-Domingez-Keepcount-contabilidad1.png\" class=\"attachment- size-\" alt=\"contador Keep count\" loading=\"lazy\" srcset=\"https:\/\/keepcount.com.co\/wp-content\/uploads\/2021\/09\/Daniel-Domingez-Keepcount-contabilidad1.png 444w, https:\/\/keepcount.com.co\/wp-content\/uploads\/2021\/09\/Daniel-Domingez-Keepcount-contabilidad1-300x247.png 300w\" sizes=\"(max-width: 444px) 100vw, 444px\" \/>                         <\/div>\n          <\/div><!-- box-image -->\n         \n          <div class=\"box-text text-center\" >\n                <div class=\"box-text-inner\">\n                  <h4 class=\"uppercase\">\n                    <span class=\"person-name\">Daniel Dom\u00ednguez<\/span><br\/>\n                    <span class=\"person-title is-small thin-font op-7\">\n                      Chairman and CEO                    <\/span>\n                  <\/h4>\n                 <div class=\"social-icons follow-icons\" ><a href=\"https:\/\/www.facebook.com\/keepcounts\" target=\"_blank\" data-label=\"Facebook\"  rel=\"noopener noreferrer nofollow\" class=\"icon plain facebook tooltip\" title=\"S\u00edguenos en Facebook\"><i class=\"icon-facebook\" ><\/i><\/a><a href=\"tel:3203446008\" target=\"_blank\"  data-label=\"Phone\"  rel=\"noopener noreferrer nofollow\" class=\"icon plain  phone tooltip\" title=\"Call us\"><i class=\"icon-phone\" ><\/i><\/a><a href=\"https:\/\/www.linkedin.com\/company\/keepcount-sas\" target=\"_blank\" rel=\"noopener noreferrer nofollow\" data-label=\"LinkedIn\" class=\"icon plain  linkedin tooltip\" title=\"Follow on LinkedIn\"><i class=\"icon-linkedin\" ><\/i><\/a><\/div>                 \n\n<div class=\"gap-element clearfix\" style=\"display:block; height:auto; padding-top:10px\"><\/div>\n\n\n                <\/div><!-- box-text-inner -->\n          <\/div><!-- box-text -->\n    <\/div><!-- .box  -->\n\n    \n    \n\n<\/div><\/div>\n<div class=\"col medium-3 small-6 large-3\"  ><div class=\"col-inner\"  >\n\n    <div class=\"box has-hover has-hover box-shadow-4-hover box-text-bottom\" >\n\n                  <div class=\"box-image \" style=\"width:80%;\">\n           <div class=\"box-image-inner image-cover\" style=\"padding-top:100%;\">\n              <img width=\"444\" height=\"365\" src=\"https:\/\/keepcount.com.co\/wp-content\/uploads\/2021\/09\/Wilson-Keepcount-contabilidad2.png\" class=\"attachment- size-\" alt=\"Contador Keep count\" loading=\"lazy\" srcset=\"https:\/\/keepcount.com.co\/wp-content\/uploads\/2021\/09\/Wilson-Keepcount-contabilidad2.png 444w, https:\/\/keepcount.com.co\/wp-content\/uploads\/2021\/09\/Wilson-Keepcount-contabilidad2-300x247.png 300w\" sizes=\"(max-width: 444px) 100vw, 444px\" \/>                         <\/div>\n          <\/div><!-- box-image -->\n         \n          <div class=\"box-text text-center\" >\n                <div class=\"box-text-inner\">\n                  <h4 class=\"uppercase\">\n                    <span class=\"person-name\">Wilson Pedroza<\/span><br\/>\n                    <span class=\"person-title is-small thin-font op-7\">\n                      CFO - Chief Financial Officer                    <\/span>\n                  <\/h4>\n                 <div class=\"social-icons follow-icons\" ><a href=\"https:\/\/www.facebook.com\/keepcounts\" target=\"_blank\" data-label=\"Facebook\"  rel=\"noopener noreferrer nofollow\" class=\"icon plain facebook tooltip\" title=\"S\u00edguenos en Facebook\"><i class=\"icon-facebook\" ><\/i><\/a><a href=\"tel:3214255295\" target=\"_blank\"  data-label=\"Phone\"  rel=\"noopener noreferrer nofollow\" class=\"icon plain  phone tooltip\" title=\"Call us\"><i class=\"icon-phone\" ><\/i><\/a><a href=\"https:\/\/www.linkedin.com\/company\/keepcount-sas\" target=\"_blank\" rel=\"noopener noreferrer nofollow\" data-label=\"LinkedIn\" class=\"icon plain  linkedin tooltip\" title=\"Follow on LinkedIn\"><i class=\"icon-linkedin\" ><\/i><\/a><\/div>                 \n\n<div class=\"gap-element clearfix\" style=\"display:block; height:auto; padding-top:10px\"><\/div>\n\n<div class=\"gap-element clearfix\" style=\"display:block; height:auto; padding-top:10px\"><\/div>\n\n<div class=\"gap-element clearfix\" style=\"display:block; height:auto; padding-top:10px\"><\/div>\n\n<div class=\"gap-element clearfix\" style=\"display:block; height:auto; padding-top:10px\"><\/div>\n\n\n                <\/div><!-- box-text-inner -->\n          <\/div><!-- box-text -->\n    <\/div><!-- .box  -->\n\n    \n    \n\n<\/div><\/div>\n<div class=\"col medium-3 small-6 large-3\"  ><div class=\"col-inner\"  >\n\n    <div class=\"box has-hover has-hover box-shadow-4-hover box-text-bottom\" >\n\n                  <div class=\"box-image \" style=\"width:80%;\">\n           <div class=\"box-image-inner image-cover\" style=\"padding-top:100%;\">\n              <img width=\"444\" height=\"365\" src=\"https:\/\/keepcount.com.co\/wp-content\/uploads\/2021\/09\/andrea-torres-keepcount-contabilidad3.png\" class=\"attachment- size-\" alt=\"Contadora Keep count\" loading=\"lazy\" srcset=\"https:\/\/keepcount.com.co\/wp-content\/uploads\/2021\/09\/andrea-torres-keepcount-contabilidad3.png 444w, https:\/\/keepcount.com.co\/wp-content\/uploads\/2021\/09\/andrea-torres-keepcount-contabilidad3-300x247.png 300w\" sizes=\"(max-width: 444px) 100vw, 444px\" \/>                         <\/div>\n          <\/div><!-- box-image -->\n         \n          <div class=\"box-text text-center\" >\n                <div class=\"box-text-inner\">\n                  <h4 class=\"uppercase\">\n                    <span class=\"person-name\">Andrea Torres<\/span><br\/>\n                    <span class=\"person-title is-small thin-font op-7\">\n                      Accounting Operations Director                    <\/span>\n                  <\/h4>\n                 <div class=\"social-icons follow-icons\" ><a href=\"https:\/\/www.facebook.com\/keepcounts\" target=\"_blank\" data-label=\"Facebook\"  rel=\"noopener noreferrer nofollow\" class=\"icon plain facebook tooltip\" title=\"S\u00edguenos en Facebook\"><i class=\"icon-facebook\" ><\/i><\/a><a href=\"tel:3103051286\" target=\"_blank\"  data-label=\"Phone\"  rel=\"noopener noreferrer nofollow\" class=\"icon plain  phone tooltip\" title=\"Call us\"><i class=\"icon-phone\" ><\/i><\/a><a href=\"https:\/\/www.linkedin.com\/company\/keepcount-sas\" target=\"_blank\" rel=\"noopener noreferrer nofollow\" data-label=\"LinkedIn\" class=\"icon plain  linkedin tooltip\" title=\"Follow on LinkedIn\"><i class=\"icon-linkedin\" ><\/i><\/a><\/div>                 \n\n<div class=\"gap-element clearfix\" style=\"display:block; height:auto; padding-top:10px\"><\/div>\n\n\n                <\/div><!-- box-text-inner -->\n          <\/div><!-- box-text -->\n    <\/div><!-- .box  -->\n\n    \n    \n\n<\/div><\/div>\n\n\n<style scope=\"scope\">\n\n<\/style>\n<\/div>\n\n\t\t<\/div><!-- .section-content -->\n\n\t\t\n<style scope=\"scope\">\n\n#section_511190589 {\n  padding-top: 56px;\n  padding-bottom: 56px;\n  background-color: rgb(230, 230, 230);\n}\n<\/style>\n\t<\/section>\n\t\n<div class=\"row row-collapse row-full-width align-center row-solid\"  id=\"row-927247227\">\n\n<div class=\"col small-12 large-12\"  ><div class=\"col-inner text-center\" style=\"background-color:rgb(230, 230, 230);padding:22px 0px 145px 0px;margin:0px 0px -78px 0px;\" >\n\n<div class=\"social-icons follow-icons full-width text-center\" style=\"font-size:266%\"><span>S\u00edguenos<\/span><a href=\"https:\/\/www.facebook.com\/keepcounts\" target=\"_blank\" data-label=\"Facebook\"  rel=\"noopener noreferrer nofollow\" class=\"icon plain facebook tooltip\" title=\"S\u00edguenos en Facebook\"><i class=\"icon-facebook\" ><\/i><\/a><a href=\"https:\/\/www.instagram.com\/keepcounts\/\" target=\"_blank\" rel=\"noopener noreferrer nofollow\" data-label=\"Instagram\" class=\"icon plain  instagram tooltip\" title=\"S\u00edguenos en Instagram\"><i class=\"icon-instagram\" ><\/i><\/a><a href=\"https:\/\/www.linkedin.com\/company\/keepcount-sas\" target=\"_blank\" rel=\"noopener noreferrer nofollow\" data-label=\"LinkedIn\" class=\"icon plain  linkedin tooltip\" title=\"Follow on LinkedIn\"><i class=\"icon-linkedin\" ><\/i><\/a><\/div>\n\n\n<\/div><\/div>\n\n\n<style scope=\"scope\">\n\n#row-927247227 > .col > .col-inner {\n  padding: 44px 0px 43px 0px;\n  background-color: rgb(230, 230, 230);\n}\n<\/style>\n<\/div>\n\n","protected":false},"excerpt":{"rendered":"","protected":false},"author":1,"featured_media":0,"parent":0,"menu_order":0,"comment_status":"closed","ping_status":"closed","template":"page-blank.php","meta":[],"_links":{"self":[{"href":"https:\/\/keepcount.com.co\/index.php\/wp-json\/wp\/v2\/pages\/39"}],"collection":[{"href":"https:\/\/keepcount.com.co\/index.php\/wp-json\/wp\/v2\/pages"}],"about":[{"href":"https:\/\/keepcount.com.co\/index.php\/wp-json\/wp\/v2\/types\/page"}],"author":[{"embeddable":true,"href":"https:\/\/keepcount.com.co\/index.php\/wp-json\/wp\/v2\/users\/1"}],"replies":[{"embeddable":true,"href":"https:\/\/keepcount.com.co\/index.php\/wp-json\/wp\/v2\/comments?post=39"}],"version-history":[{"count":82,"href":"https:\/\/keepcount.com.co\/index.php\/wp-json\/wp\/v2\/pages\/39\/revisions"}],"predecessor-version":[{"id":478,"href":"https:\/\/keepcount.com.co\/index.php\/wp-json\/wp\/v2\/pages\/39\/revisions\/478"}],"wp:attachment":[{"href":"https:\/\/keepcount.com.co\/index.php\/wp-json\/wp\/v2\/media?parent=39"}],"curies":[{"name":"wp","href":"https:\/\/api.w.org\/{rel}","templated":true}]}}